{"id":3879,"date":"2024-10-14T07:41:59","date_gmt":"2024-10-14T05:41:59","guid":{"rendered":"https:\/\/uks-czerwonak.i-rc.pl\/?page_id=3879"},"modified":"2024-10-14T07:49:05","modified_gmt":"2024-10-14T05:49:05","slug":"wesprzyj-klub","status":"publish","type":"page","link":"https:\/\/uks-czerwonak.pl\/index.php\/wesprzyj-klub\/","title":{"rendered":"Wesprzyj Klub"},"content":{"rendered":"\t\t<div data-elementor-type=\"wp-page\" data-elementor-id=\"3879\" class=\"elementor elementor-3879\">\n\t\t\t\t<div class=\"elementor-element elementor-element-1102d43 e-flex e-con-boxed e-con e-parent\" data-id=\"1102d43\" data-element_type=\"container\">\n\t\t\t\t\t<div class=\"e-con-inner\">\n\t\t\t\t<div class=\"elementor-element elementor-element-128dcf3 elementor-widget elementor-widget-text-editor\" data-id=\"128dcf3\" data-element_type=\"widget\" data-widget_type=\"text-editor.default\">\n\t\t\t\t<div class=\"elementor-widget-container\">\n\t\t\t\t\t\t\t\t\t<p>UKS Czerwonak to klub sportowy, kt\u00f3ry od lat promuje aktywno\u015b\u0107 fizyczn\u0105 i rozw\u00f3j m\u0142odzie\u017cy w naszej lokalnej spo\u0142eczno\u015bci. To nie tylko miejsce trening\u00f3w, ale tak\u017ce przestrze\u0144, gdzie m\u0142odzi sportowcy mog\u0105 kszta\u0142towa\u0107 charakter, uczy\u0107 si\u0119 pracy zespo\u0142owej i zdrowej rywalizacji. Klub stawia na rozw\u00f3j dzieci i m\u0142odzie\u017cy, oferuj\u0105c profesjonalne wsparcie trener\u00f3w i mo\u017cliwo\u015b\u0107 uczestnictwa w zawodach sportowych.<\/p>\t\t\t\t\t\t\t\t<\/div>\n\t\t\t\t<\/div>\n\t\t\t\t\t<\/div>\n\t\t\t\t<\/div>\n\t\t<div class=\"elementor-element elementor-element-9a0eb50 e-flex e-con-boxed e-con e-parent\" data-id=\"9a0eb50\" data-element_type=\"container\">\n\t\t\t\t\t<div class=\"e-con-inner\">\n\t\t\t\t<div class=\"elementor-element elementor-element-5d1f9b9 elementor-widget elementor-widget-text-editor\" data-id=\"5d1f9b9\" data-element_type=\"widget\" data-widget_type=\"text-editor.default\">\n\t\t\t\t<div class=\"elementor-widget-container\">\n\t\t\t\t\t\t\t\t\t<p><strong>Dlaczego warto wesprze\u0107 UKS Czerwonak?<\/strong><\/p><ol><li><p><strong>Rozw\u00f3j m\u0142odzie\u017cy<\/strong>\u00a0\u2013 Wspieraj\u0105c UKS Czerwonak, inwestujesz w przysz\u0142o\u015b\u0107 m\u0142odych sportowc\u00f3w. Klub daje dzieciom i m\u0142odzie\u017cy mo\u017cliwo\u015b\u0107 rozwijania swoich talent\u00f3w oraz budowania pewno\u015bci siebie.<\/p><\/li><li><p><strong>Aktywno\u015b\u0107 lokalnej spo\u0142eczno\u015bci<\/strong>\u00a0\u2013 UKS Czerwonak integruje lokaln\u0105 spo\u0142eczno\u015b\u0107. Organizowane przez klub wydarzenia sportowe to doskona\u0142a okazja, aby mieszka\u0144cy mogli si\u0119 spotka\u0107, kibicowa\u0107 i wsp\u00f3lnie sp\u0119dza\u0107 czas.<\/p><\/li><li><p><strong>Zdrowy tryb \u017cycia<\/strong>\u00a0\u2013 Klub promuje zdrowy styl \u017cycia w\u015br\u00f3d dzieci i m\u0142odzie\u017cy, co jest kluczowe w czasach, gdy coraz wi\u0119cej os\u00f3b zmaga si\u0119 z problemami zdrowotnymi wynikaj\u0105cymi z braku ruchu.<\/p><\/li><\/ol>\t\t\t\t\t\t\t\t<\/div>\n\t\t\t\t<\/div>\n\t\t\t\t<div class=\"elementor-element elementor-element-a954dc1 elementor-widget elementor-widget-image\" data-id=\"a954dc1\" data-element_type=\"widget\" data-widget_type=\"image.default\">\n\t\t\t\t<div class=\"elementor-widget-container\">\n\t\t\t\t\t\t\t\t\t\t\t\t\t\t\t<img loading=\"lazy\" decoding=\"async\" width=\"780\" height=\"290\" src=\"https:\/\/uks-czerwonak.pl\/wp-content\/uploads\/2024\/10\/PILKA-1.jpg\" class=\"attachment-full size-full wp-image-3883\" alt=\"\" srcset=\"https:\/\/uks-czerwonak.pl\/wp-content\/uploads\/2024\/10\/PILKA-1.jpg 780w, https:\/\/uks-czerwonak.pl\/wp-content\/uploads\/2024\/10\/PILKA-1-300x112.jpg 300w, https:\/\/uks-czerwonak.pl\/wp-content\/uploads\/2024\/10\/PILKA-1-768x286.jpg 768w\" sizes=\"auto, (max-width: 780px) 100vw, 780px\" \/>\t\t\t\t\t\t\t\t\t\t\t\t\t\t\t<\/div>\n\t\t\t\t<\/div>\n\t\t\t\t\t<\/div>\n\t\t\t\t<\/div>\n\t\t<div class=\"elementor-element elementor-element-72458c2 e-flex e-con-boxed e-con e-parent\" data-id=\"72458c2\" data-element_type=\"container\">\n\t\t\t\t\t<div class=\"e-con-inner\">\n\t\t\t\t<div class=\"elementor-element elementor-element-2624a89 elementor-widget elementor-widget-text-editor\" data-id=\"2624a89\" data-element_type=\"widget\" data-widget_type=\"text-editor.default\">\n\t\t\t\t<div class=\"elementor-widget-container\">\n\t\t\t\t\t\t\t\t\t<p><b>Jak mo\u017cna wesprze\u0107 klub?<\/b><\/p><ol><li><p><strong>Wsparcie finansowe<\/strong> \u2013 Ka\u017cdy mo\u017ce wesprze\u0107 klub, przekazuj\u0105c darowizny pieni\u0119\u017cne na jego konto. \u015arodki te s\u0105 przeznaczone na rozw\u00f3j infrastruktury, zakup sprz\u0119tu oraz organizacj\u0119 wydarze\u0144 sportowych. Darowizny mog\u0105 by\u0107 wp\u0142acane zar\u00f3wno przez osoby fizyczne, jak i firmy. Wspieraj\u0105c finansowo klub, przyczyniasz si\u0119 do jego dynamicznego rozwoju i wspierania lokalnej m\u0142odzie\u017cy.<\/p><\/li><li><p><strong>Darowizny rzeczowe<\/strong> \u2013 Klub ch\u0119tnie przyjmuje darowizny rzeczowe, kt\u00f3re mog\u0105 obejmowa\u0107 sprz\u0119t sportowy, stroje, wyposa\u017cenie obiekt\u00f3w lub inne materia\u0142y niezb\u0119dne do codziennego funkcjonowania dru\u017cyn. Takie wsparcie jest niezwykle cenne, zw\u0142aszcza w kontek\u015bcie prowadzenia trening\u00f3w i organizacji zawod\u00f3w.<\/p><\/li><li><p><strong>Wolontariat<\/strong> \u2013 Zaanga\u017cowanie si\u0119 w formie wolontariatu to doskona\u0142y spos\u00f3b na wsparcie klubu bez potrzeby ponoszenia koszt\u00f3w finansowych. Wolontariusze mog\u0105 pomaga\u0107 w organizacji zawod\u00f3w, pracach administracyjnych lub innych zadaniach, kt\u00f3re wspieraj\u0105 codzienne funkcjonowanie klubu.<\/p><\/li><li><p><strong>Wsparcie lokalnych firm<\/strong> \u2013 Lokalne firmy mog\u0105 wesprze\u0107 klub poprzez sponsoring, oferowanie zni\u017cek lub przekazanie us\u0142ug. W zamian za pomoc, klub mo\u017ce zapewni\u0107 reklam\u0119 danej firmy podczas swoich wydarze\u0144 sportowych oraz na materia\u0142ach promocyjnych. Jest to obop\u00f3lna korzy\u015b\u0107, kt\u00f3ra wzmacnia zaanga\u017cowanie firmy w lokaln\u0105 spo\u0142eczno\u015b\u0107.<\/p><\/li><\/ol><p>Ka\u017cda z powy\u017cszych form wsparcia jest niezwykle wa\u017cna dla dalszego funkcjonowania i rozwoju klubu UKS Czerwonak. Wspieraj\u0105c go, przyczyniasz si\u0119 do budowy silnej i zdrowej spo\u0142eczno\u015bci lokalnej.<\/p>\t\t\t\t\t\t\t\t<\/div>\n\t\t\t\t<\/div>\n\t\t\t\t\t<\/div>\n\t\t\t\t<\/div>\n\t\t<div class=\"elementor-element elementor-element-72624cc e-flex e-con-boxed e-con e-parent\" data-id=\"72624cc\" data-element_type=\"container\">\n\t\t\t\t\t<div class=\"e-con-inner\">\n\t\t\t\t<div class=\"elementor-element elementor-element-3ddaece elementor-widget elementor-widget-text-editor\" data-id=\"3ddaece\" data-element_type=\"widget\" data-widget_type=\"text-editor.default\">\n\t\t\t\t<div class=\"elementor-widget-container\">\n\t\t\t\t\t\t\t\t\t<p><strong>Uczniowski Klub Sportowy<\/strong> przy Szkole Podstawowej im. J\u00f3zefa Wybickiego w Czerwonaku<br \/>ul. Rolna 8, 62-004 Czerwonak<br \/>tel.: 618120250<br \/>e-mail: uks@spczerwonak.pl<\/p><p>Nr konta bankowego<br \/><strong>BG\u017b BNP PARIBAS: 39 1600 1462 1832 1688 0000 0001<\/strong><\/p><p>NIP: <strong>7772805049<\/strong><br \/>REGON: <strong>631105822<\/strong><\/p>\t\t\t\t\t\t\t\t<\/div>\n\t\t\t\t<\/div>\n\t\t\t\t\t<\/div>\n\t\t\t\t<\/div>\n\t\t\t\t<\/div>\n\t\t","protected":false},"excerpt":{"rendered":"<p>UKS Czerwonak to klub sportowy, kt\u00f3ry od lat promuje aktywno\u015b\u0107 fizyczn\u0105 i rozw\u00f3j m\u0142odzie\u017cy w naszej lokalnej spo\u0142eczno\u015bci. To nie tylko miejsce trening\u00f3w, ale tak\u017ce przestrze\u0144, gdzie m\u0142odzi sportowcy mog\u0105 kszta\u0142towa\u0107 charakter, uczy\u0107 si\u0119 pracy zespo\u0142owej i zdrowej rywalizacji. Klub stawia na rozw\u00f3j dzieci i m\u0142odzie\u017cy, oferuj\u0105c profesjonalne wsparcie trener\u00f3w i mo\u017cliwo\u015b\u0107 uczestnictwa w zawodach&hellip;<\/p>\n","protected":false},"author":1,"featured_media":3882,"parent":0,"menu_order":0,"comment_status":"closed","ping_status":"closed","template":"","meta":{"footnotes":""},"class_list":["post-3879","page","type-page","status-publish","has-post-thumbnail","hentry"],"yoast_head":"<!-- This site is optimized with the Yoast SEO plugin v23.7 - https:\/\/yoast.com\/wordpress\/plugins\/seo\/ -->\n<title>Wesprzyj Klub - UKS Czerwonak<\/title>\n<meta name=\"robots\" content=\"index, follow, max-snippet:-1, max-image-preview:large, max-video-preview:-1\" \/>\n<link rel=\"canonical\" href=\"https:\/\/uks-czerwonak.pl\/index.php\/wesprzyj-klub\/\" \/>\n<meta property=\"og:locale\" content=\"pl_PL\" \/>\n<meta property=\"og:type\" content=\"article\" \/>\n<meta property=\"og:title\" content=\"Wesprzyj Klub - UKS Czerwonak\" \/>\n<meta property=\"og:description\" content=\"UKS Czerwonak to klub sportowy, kt\u00f3ry od lat promuje aktywno\u015b\u0107 fizyczn\u0105 i rozw\u00f3j m\u0142odzie\u017cy w naszej lokalnej spo\u0142eczno\u015bci. To nie tylko miejsce trening\u00f3w, ale tak\u017ce przestrze\u0144, gdzie m\u0142odzi sportowcy mog\u0105 kszta\u0142towa\u0107 charakter, uczy\u0107 si\u0119 pracy zespo\u0142owej i zdrowej rywalizacji. Klub stawia na rozw\u00f3j dzieci i m\u0142odzie\u017cy, oferuj\u0105c profesjonalne wsparcie trener\u00f3w i mo\u017cliwo\u015b\u0107 uczestnictwa w zawodach&hellip;\" \/>\n<meta property=\"og:url\" content=\"https:\/\/uks-czerwonak.pl\/index.php\/wesprzyj-klub\/\" \/>\n<meta property=\"og:site_name\" content=\"UKS Czerwonak\" \/>\n<meta property=\"article:modified_time\" content=\"2024-10-14T05:49:05+00:00\" \/>\n<meta property=\"og:image\" content=\"https:\/\/uks-czerwonak.pl\/wp-content\/uploads\/2024\/10\/PILKA.jpg\" \/>\n\t<meta property=\"og:image:width\" content=\"780\" \/>\n\t<meta property=\"og:image:height\" content=\"290\" \/>\n\t<meta property=\"og:image:type\" content=\"image\/jpeg\" \/>\n<meta name=\"twitter:card\" content=\"summary_large_image\" \/>\n<meta name=\"twitter:label1\" content=\"Szacowany czas czytania\" \/>\n\t<meta name=\"twitter:data1\" content=\"3 minuty\" \/>\n<script type=\"application\/ld+json\" class=\"yoast-schema-graph\">{\"@context\":\"https:\/\/schema.org\",\"@graph\":[{\"@type\":\"WebPage\",\"@id\":\"https:\/\/uks-czerwonak.pl\/index.php\/wesprzyj-klub\/\",\"url\":\"https:\/\/uks-czerwonak.pl\/index.php\/wesprzyj-klub\/\",\"name\":\"Wesprzyj Klub - UKS Czerwonak\",\"isPartOf\":{\"@id\":\"https:\/\/uks-czerwonak.pl\/#website\"},\"primaryImageOfPage\":{\"@id\":\"https:\/\/uks-czerwonak.pl\/index.php\/wesprzyj-klub\/#primaryimage\"},\"image\":{\"@id\":\"https:\/\/uks-czerwonak.pl\/index.php\/wesprzyj-klub\/#primaryimage\"},\"thumbnailUrl\":\"https:\/\/uks-czerwonak.pl\/wp-content\/uploads\/2024\/10\/PILKA.jpg\",\"datePublished\":\"2024-10-14T05:41:59+00:00\",\"dateModified\":\"2024-10-14T05:49:05+00:00\",\"breadcrumb\":{\"@id\":\"https:\/\/uks-czerwonak.pl\/index.php\/wesprzyj-klub\/#breadcrumb\"},\"inLanguage\":\"pl-PL\",\"potentialAction\":[{\"@type\":\"ReadAction\",\"target\":[\"https:\/\/uks-czerwonak.pl\/index.php\/wesprzyj-klub\/\"]}]},{\"@type\":\"ImageObject\",\"inLanguage\":\"pl-PL\",\"@id\":\"https:\/\/uks-czerwonak.pl\/index.php\/wesprzyj-klub\/#primaryimage\",\"url\":\"https:\/\/uks-czerwonak.pl\/wp-content\/uploads\/2024\/10\/PILKA.jpg\",\"contentUrl\":\"https:\/\/uks-czerwonak.pl\/wp-content\/uploads\/2024\/10\/PILKA.jpg\",\"width\":780,\"height\":290},{\"@type\":\"BreadcrumbList\",\"@id\":\"https:\/\/uks-czerwonak.pl\/index.php\/wesprzyj-klub\/#breadcrumb\",\"itemListElement\":[{\"@type\":\"ListItem\",\"position\":1,\"name\":\"Home\",\"item\":\"https:\/\/uks-czerwonak.pl\/\"},{\"@type\":\"ListItem\",\"position\":2,\"name\":\"Wesprzyj Klub\"}]},{\"@type\":\"WebSite\",\"@id\":\"https:\/\/uks-czerwonak.pl\/#website\",\"url\":\"https:\/\/uks-czerwonak.pl\/\",\"name\":\"UKS Czerwonak\",\"description\":\"\",\"publisher\":{\"@id\":\"https:\/\/uks-czerwonak.pl\/#organization\"},\"potentialAction\":[{\"@type\":\"SearchAction\",\"target\":{\"@type\":\"EntryPoint\",\"urlTemplate\":\"https:\/\/uks-czerwonak.pl\/?s={search_term_string}\"},\"query-input\":{\"@type\":\"PropertyValueSpecification\",\"valueRequired\":true,\"valueName\":\"search_term_string\"}}],\"inLanguage\":\"pl-PL\"},{\"@type\":\"Organization\",\"@id\":\"https:\/\/uks-czerwonak.pl\/#organization\",\"name\":\"UKS Czerwonak\",\"url\":\"https:\/\/uks-czerwonak.pl\/\",\"logo\":{\"@type\":\"ImageObject\",\"inLanguage\":\"pl-PL\",\"@id\":\"https:\/\/uks-czerwonak.pl\/#\/schema\/logo\/image\/\",\"url\":\"https:\/\/uks-czerwonak.pl\/wp-content\/uploads\/2024\/10\/LOGO_UKS.png\",\"contentUrl\":\"https:\/\/uks-czerwonak.pl\/wp-content\/uploads\/2024\/10\/LOGO_UKS.png\",\"width\":137,\"height\":110,\"caption\":\"UKS Czerwonak\"},\"image\":{\"@id\":\"https:\/\/uks-czerwonak.pl\/#\/schema\/logo\/image\/\"}}]}<\/script>\n<!-- \/ Yoast SEO plugin. -->","yoast_head_json":{"title":"Wesprzyj Klub - UKS Czerwonak","robots":{"index":"index","follow":"follow","max-snippet":"max-snippet:-1","max-image-preview":"max-image-preview:large","max-video-preview":"max-video-preview:-1"},"canonical":"https:\/\/uks-czerwonak.pl\/index.php\/wesprzyj-klub\/","og_locale":"pl_PL","og_type":"article","og_title":"Wesprzyj Klub - UKS Czerwonak","og_description":"UKS Czerwonak to klub sportowy, kt\u00f3ry od lat promuje aktywno\u015b\u0107 fizyczn\u0105 i rozw\u00f3j m\u0142odzie\u017cy w naszej lokalnej spo\u0142eczno\u015bci. To nie tylko miejsce trening\u00f3w, ale tak\u017ce przestrze\u0144, gdzie m\u0142odzi sportowcy mog\u0105 kszta\u0142towa\u0107 charakter, uczy\u0107 si\u0119 pracy zespo\u0142owej i zdrowej rywalizacji. Klub stawia na rozw\u00f3j dzieci i m\u0142odzie\u017cy, oferuj\u0105c profesjonalne wsparcie trener\u00f3w i mo\u017cliwo\u015b\u0107 uczestnictwa w zawodach&hellip;","og_url":"https:\/\/uks-czerwonak.pl\/index.php\/wesprzyj-klub\/","og_site_name":"UKS Czerwonak","article_modified_time":"2024-10-14T05:49:05+00:00","og_image":[{"width":780,"height":290,"url":"https:\/\/uks-czerwonak.pl\/wp-content\/uploads\/2024\/10\/PILKA.jpg","type":"image\/jpeg"}],"twitter_card":"summary_large_image","twitter_misc":{"Szacowany czas czytania":"3 minuty"},"schema":{"@context":"https:\/\/schema.org","@graph":[{"@type":"WebPage","@id":"https:\/\/uks-czerwonak.pl\/index.php\/wesprzyj-klub\/","url":"https:\/\/uks-czerwonak.pl\/index.php\/wesprzyj-klub\/","name":"Wesprzyj Klub - UKS Czerwonak","isPartOf":{"@id":"https:\/\/uks-czerwonak.pl\/#website"},"primaryImageOfPage":{"@id":"https:\/\/uks-czerwonak.pl\/index.php\/wesprzyj-klub\/#primaryimage"},"image":{"@id":"https:\/\/uks-czerwonak.pl\/index.php\/wesprzyj-klub\/#primaryimage"},"thumbnailUrl":"https:\/\/uks-czerwonak.pl\/wp-content\/uploads\/2024\/10\/PILKA.jpg","datePublished":"2024-10-14T05:41:59+00:00","dateModified":"2024-10-14T05:49:05+00:00","breadcrumb":{"@id":"https:\/\/uks-czerwonak.pl\/index.php\/wesprzyj-klub\/#breadcrumb"},"inLanguage":"pl-PL","potentialAction":[{"@type":"ReadAction","target":["https:\/\/uks-czerwonak.pl\/index.php\/wesprzyj-klub\/"]}]},{"@type":"ImageObject","inLanguage":"pl-PL","@id":"https:\/\/uks-czerwonak.pl\/index.php\/wesprzyj-klub\/#primaryimage","url":"https:\/\/uks-czerwonak.pl\/wp-content\/uploads\/2024\/10\/PILKA.jpg","contentUrl":"https:\/\/uks-czerwonak.pl\/wp-content\/uploads\/2024\/10\/PILKA.jpg","width":780,"height":290},{"@type":"BreadcrumbList","@id":"https:\/\/uks-czerwonak.pl\/index.php\/wesprzyj-klub\/#breadcrumb","itemListElement":[{"@type":"ListItem","position":1,"name":"Home","item":"https:\/\/uks-czerwonak.pl\/"},{"@type":"ListItem","position":2,"name":"Wesprzyj Klub"}]},{"@type":"WebSite","@id":"https:\/\/uks-czerwonak.pl\/#website","url":"https:\/\/uks-czerwonak.pl\/","name":"UKS Czerwonak","description":"","publisher":{"@id":"https:\/\/uks-czerwonak.pl\/#organization"},"potentialAction":[{"@type":"SearchAction","target":{"@type":"EntryPoint","urlTemplate":"https:\/\/uks-czerwonak.pl\/?s={search_term_string}"},"query-input":{"@type":"PropertyValueSpecification","valueRequired":true,"valueName":"search_term_string"}}],"inLanguage":"pl-PL"},{"@type":"Organization","@id":"https:\/\/uks-czerwonak.pl\/#organization","name":"UKS Czerwonak","url":"https:\/\/uks-czerwonak.pl\/","logo":{"@type":"ImageObject","inLanguage":"pl-PL","@id":"https:\/\/uks-czerwonak.pl\/#\/schema\/logo\/image\/","url":"https:\/\/uks-czerwonak.pl\/wp-content\/uploads\/2024\/10\/LOGO_UKS.png","contentUrl":"https:\/\/uks-czerwonak.pl\/wp-content\/uploads\/2024\/10\/LOGO_UKS.png","width":137,"height":110,"caption":"UKS Czerwonak"},"image":{"@id":"https:\/\/uks-czerwonak.pl\/#\/schema\/logo\/image\/"}}]}},"_links":{"self":[{"href":"https:\/\/uks-czerwonak.pl\/index.php\/wp-json\/wp\/v2\/pages\/3879","targetHints":{"allow":["GET"]}}],"collection":[{"href":"https:\/\/uks-czerwonak.pl\/index.php\/wp-json\/wp\/v2\/pages"}],"about":[{"href":"https:\/\/uks-czerwonak.pl\/index.php\/wp-json\/wp\/v2\/types\/page"}],"author":[{"embeddable":true,"href":"https:\/\/uks-czerwonak.pl\/index.php\/wp-json\/wp\/v2\/users\/1"}],"replies":[{"embeddable":true,"href":"https:\/\/uks-czerwonak.pl\/index.php\/wp-json\/wp\/v2\/comments?post=3879"}],"version-history":[{"count":5,"href":"https:\/\/uks-czerwonak.pl\/index.php\/wp-json\/wp\/v2\/pages\/3879\/revisions"}],"predecessor-version":[{"id":3886,"href":"https:\/\/uks-czerwonak.pl\/index.php\/wp-json\/wp\/v2\/pages\/3879\/revisions\/3886"}],"wp:featuredmedia":[{"embeddable":true,"href":"https:\/\/uks-czerwonak.pl\/index.php\/wp-json\/wp\/v2\/media\/3882"}],"wp:attachment":[{"href":"https:\/\/uks-czerwonak.pl\/index.php\/wp-json\/wp\/v2\/media?parent=3879"}],"curies":[{"name":"wp","href":"https:\/\/api.w.org\/{rel}","templated":true}]}}